{"id":4862,"date":"2025-07-02T15:24:17","date_gmt":"2025-07-02T15:24:17","guid":{"rendered":"https:\/\/xpartansys.com\/xtienda-base\/?post_type=product&#038;p=4862"},"modified":"2025-07-02T15:26:38","modified_gmt":"2025-07-02T15:26:38","slug":"pantalones-cortos-de-golf-para-hombre","status":"publish","type":"product","link":"https:\/\/xpartansys.com\/xtienda-base\/producto\/pantalones-cortos-de-golf-para-hombre\/","title":{"rendered":"Pantalones Cortos de Golf para Hombre"},"content":{"rendered":"<p><strong>HECHOS PARA MOVERSE<\/strong><br \/>\nMu\u00e9vete c\u00f3modamente dentro y fuera del campo en los pantalones cortos Nike Dri-FIT. La tela el\u00e1stica te permite alinear tus putts sin restricci\u00f3n y una cinturilla pegajosa ayuda a mantener tu camisa metida mientras te doblas y balanceas.<\/p>\n<p><strong>Beneficios<\/strong><br \/>\nLa tecnolog\u00eda Dri-FIT ayuda a mantenerte seco y c\u00f3modo.<br \/>\nLa tela el\u00e1stica tejida tiene una textura sutil en el interior para ayudar a evitar que la tela se pegue a tu piel.<br \/>\nEl gr\u00e1fico repetido \u00abNike Golf\u00bb en la parte interior de la cinturilla tiene una textura ligeramente pegajosa para ayudar a asegurar una camisa metida.<br \/>\nLa muesca en V en la parte posterior de la cinturilla te da un estiramiento extra.<\/p>\n<p><strong>Detalles del producto<\/strong><\/p>\n<ul>\n<li>Ajuste est\u00e1ndar para una sensaci\u00f3n relajada y f\u00e1cil<\/li>\n<li>Bolsillos forrados con malla<\/li>\n<li>Cierre de broche de presi\u00f3n<\/li>\n<li>Bragueta con cremallera<\/li>\n<li>Cuerpo: 89\u201390% poli\u00e9ster\/10\u201311% elastano. Bolsillos: 100% poli\u00e9ster.<\/li>\n<li>Los porcentajes de material pueden variar. Consulta la etiqueta para el contenido real.<\/li>\n<li>Lavable a m\u00e1quina<\/li>\n<li>Importado<\/li>\n<li>Color mostrado: Dust\/Pure\/Dust<\/li>\n<li>Estilo: CU9741-003<\/li>\n<li>Pa\u00eds\/Regi\u00f3n de origen: Vietnam<\/li>\n<\/ul>\n","protected":false},"excerpt":{"rendered":"<p>Mu\u00e9vete c\u00f3modamente dentro y fuera del campo en los pantalones cortos Nike Dri-FIT. La tela el\u00e1stica te permite alinear tus putts sin restricci\u00f3n y una cinturilla pegajosa ayuda a mantener tu camisa metida mientras te doblas y balanceas.<\/p>\n","protected":false},"featured_media":4870,"comment_status":"open","ping_status":"closed","template":"","meta":[],"product_brand":[],"product_cat":[37],"product_tag":[],"class_list":{"0":"post-4862","1":"product","2":"type-product","3":"status-publish","4":"has-post-thumbnail","6":"product_cat-hombres","8":"first","9":"instock","10":"shipping-taxable","11":"purchasable","12":"product-type-variable"},"_links":{"self":[{"href":"https:\/\/xpartansys.com\/xtienda-base\/wp-json\/wp\/v2\/product\/4862","targetHints":{"allow":["GET"]}}],"collection":[{"href":"https:\/\/xpartansys.com\/xtienda-base\/wp-json\/wp\/v2\/product"}],"about":[{"href":"https:\/\/xpartansys.com\/xtienda-base\/wp-json\/wp\/v2\/types\/product"}],"replies":[{"embeddable":true,"href":"https:\/\/xpartansys.com\/xtienda-base\/wp-json\/wp\/v2\/comments?post=4862"}],"wp:featuredmedia":[{"embeddable":true,"href":"https:\/\/xpartansys.com\/xtienda-base\/wp-json\/wp\/v2\/media\/4870"}],"wp:attachment":[{"href":"https:\/\/xpartansys.com\/xtienda-base\/wp-json\/wp\/v2\/media?parent=4862"}],"wp:term":[{"taxonomy":"product_brand","embeddable":true,"href":"https:\/\/xpartansys.com\/xtienda-base\/wp-json\/wp\/v2\/product_brand?post=4862"},{"taxonomy":"product_cat","embeddable":true,"href":"https:\/\/xpartansys.com\/xtienda-base\/wp-json\/wp\/v2\/product_cat?post=4862"},{"taxonomy":"product_tag","embeddable":true,"href":"https:\/\/xpartansys.com\/xtienda-base\/wp-json\/wp\/v2\/product_tag?post=4862"}],"curies":[{"name":"wp","href":"https:\/\/api.w.org\/{rel}","templated":true}]}}